{"id":304,"date":"2016-10-29T19:38:09","date_gmt":"2016-10-29T19:38:09","guid":{"rendered":"http:\/\/www.studio-gianelli.ch\/cal\/?page_id=304"},"modified":"2023-02-24T21:09:58","modified_gmt":"2023-02-24T20:09:58","slug":"notre-equipe","status":"publish","type":"page","link":"https:\/\/www.studio-gianelli.ch\/index.php\/notre-equipe\/","title":{"rendered":"Nos photographes"},"content":{"rendered":"<p>[vc_row][vc_column][vc_column_text]<\/p>\n<h4>Faites vous conseiller par un de nos photographes professionnels. Que ce soit pour une s\u00e9ance photo ou lors de votre location de studio, ils seront vous orienter dans vos choix. N&rsquo;attendez pas et jetez un coup d&rsquo;\u0153il aux r\u00e9alisations de nos photographes sur notre page <a href=\"https:\/\/www.studio-gianelli.ch\/index.php\/portfolio\/\">portfolio<\/a>.<\/h4>\n<h2>\u00a0<\/h2>\n<p>[\/vc_column_text][\/vc_column][\/vc_row][vc_row][vc_column width=\u00a0\u00bb1\/3&Prime;][vc_single_image image=\u00a0\u00bb2294&Prime; img_size=\u00a0\u00bb300&#215;500&Prime; alignment=\u00a0\u00bbcenter\u00a0\u00bb style=\u00a0\u00bbvc_box_shadow_3d\u00a0\u00bb css_animation=\u00a0\u00bbtop-to-bottom\u00a0\u00bb][vc_column_text css=\u00a0\u00bb.vc_custom_1519043927454{margin-bottom: 10px !important;}\u00a0\u00bb]<\/p>\n<p style=\"text-align: center;\">Photographe Ind\u00e9pendante<\/p>\n<p>[\/vc_column_text][vc_column_text css_animation=\u00a0\u00bbbottom-to-top\u00a0\u00bb el_class=\u00a0\u00bbU\u00a0\u00bb]<\/p>\n<p style=\"text-align: center;\">Je suis une photographe dipl\u00f4m\u00e9e de la Haute \u00c9cole d&rsquo;art et de design de Gen\u00e8ve, sp\u00e9cialis\u00e9e dans les shootings grossesse, nouveau-n\u00e9, b\u00e9b\u00e9, famille et portraits professionnels. Ma passion pour la photographie m&rsquo;a conduite \u00e0 me concentrer sur les s\u00e9ances maternit\u00e9. En tant que femme, j&rsquo;ai ressenti le besoin de valoriser et d&rsquo;immortaliser ce moment si pr\u00e9cieux dans la vie d&rsquo;une femme. C&rsquo;est un v\u00e9ritable plaisir pour moi de mettre en avant la beaut\u00e9 de la f\u00e9minit\u00e9 et de la maternit\u00e9.<\/p>\n<p style=\"text-align: center;\">Ma sp\u00e9cialisation pour les s\u00e9ances avec les nouveaux-n\u00e9s s&rsquo;est faite assez naturellement. J&rsquo;aime suivre mes clientes et leur famille d\u00e8s l&rsquo;arriv\u00e9e du b\u00e9b\u00e9 et au cours des ann\u00e9es suivantes, comme lors du premier anniversaire avec la s\u00e9ance \u00ab\u00a0Smash the Cake\u00a0\u00bb, ainsi que pour les s\u00e9ances en famille.<\/p>\n<p style=\"text-align: center;\">Je suis \u00e9galement disponible pour couvrir les \u00e9v\u00e8nements familiaux en ext\u00e9rieur. N&rsquo;h\u00e9sitez pas \u00e0 me contacter pour plus d&rsquo;informations.<\/p>\n<p style=\"text-align: left;\"><a href=\"https:\/\/www.linkedin.com\/in\/m%C3%A9lina-gianelli\/?originalSubdomain=ch\" target=\"_blank\" rel=\"noopener\">Linkedin<\/a><\/p>\n<p>[\/vc_column_text][\/vc_column][vc_column width=\u00a0\u00bb1\/3&Prime;][vc_single_image image=\u00a0\u00bb2366&Prime; img_size=\u00a0\u00bb300&#215;500&Prime; alignment=\u00a0\u00bbcenter\u00a0\u00bb style=\u00a0\u00bbvc_box_shadow_3d\u00a0\u00bb css_animation=\u00a0\u00bbtop-to-bottom\u00a0\u00bb][vc_column_text css=\u00a0\u00bb.vc_custom_1519043915103{margin-bottom: 10px !important;}\u00a0\u00bb]<\/p>\n<p style=\"text-align: center;\">Photographe Ind\u00e9pendant<\/p>\n<p>[\/vc_column_text][vc_column_text css_animation=\u00a0\u00bbbottom-to-top\u00a0\u00bb]<\/p>\n<p style=\"text-align: center;\"><strong>Massimo Gianelli<\/strong><\/p>\n<p style=\"text-align: center;\">Dipl\u00f4m\u00e9 de l&rsquo;institut de la photographie \u00e0 Zurich.<\/p>\n<p style=\"text-align: center;\">Je suis photographe sp\u00e9cialis\u00e9 dans les shooting professionnels, les sessions mode et les photos d\u2019architecture.<\/p>\n<p>Passionn\u00e9 par la photo d\u00e8s mon plus jeune \u00e2ge, j&rsquo;ai toujours \u00e9t\u00e9 attir\u00e9 par la mode et l&rsquo;architecture.<\/p>\n<p>La photographie d&rsquo;architecture offre des visions diff\u00e9rentes d&rsquo;un lieu, un jeu entre la nature, l&rsquo;histoire et la g\u00e9om\u00e9trie.Je voyage beaucoup \u00e0 travers le monde ce qui me permets \u00e9galement d&rsquo;exp\u00e9rimenter cet art dans des paysages et cultures diff\u00e9rentes.<\/p>\n<p>Je me suis \u00e9galement sp\u00e9cialis\u00e9 dans le portrait corporate et fashion en studio et en ext\u00e9rieur.<\/p>\n<p>Je couvre \u00e9galement les \u00e9v\u00e9nements d&rsquo;entreprises et les mariages.<\/p>\n<p><a href=\"https:\/\/www.linkedin.com\/in\/massimo-gianelli-96007261\/\" target=\"_blank\" rel=\"noopener\">Linkedin<\/a><\/p>\n<p>[\/vc_column_text][\/vc_column][vc_column width=\u00a0\u00bb1\/3&Prime;][vc_single_image image=\u00a0\u00bb2293&Prime; img_size=\u00a0\u00bb300&#215;500&Prime; alignment=\u00a0\u00bbcenter\u00a0\u00bb style=\u00a0\u00bbvc_box_shadow_3d\u00a0\u00bb css_animation=\u00a0\u00bbtop-to-bottom\u00a0\u00bb][vc_column_text css=\u00a0\u00bb.vc_custom_1540918447342{margin-bottom: 10px !important;}\u00a0\u00bb]<\/p>\n<p style=\"text-align: center;\">Vid\u00e9aste et R\u00e9alisateur Ind\u00e9pendant<\/p>\n<p>[\/vc_column_text][vc_column_text css_animation=\u00a0\u00bbbottom-to-top\u00a0\u00bb]<\/p>\n<p style=\"text-align: center;\"><strong>Luca Gianelli<\/strong><\/p>\n<p style=\"text-align: center;\">Dipl\u00f4m\u00e9 de l&rsquo;\u00e9cole de cin\u00e9ma de Gen\u00e8ve.<\/p>\n<p style=\"text-align: center;\">Je suis vid\u00e9aste sp\u00e9cialis\u00e9 dans les reportages d&rsquo;\u00e9v\u00e9nement, les clips promotionnels et les making off.<\/p>\n<p>Mes formations en cin\u00e9ma, m&rsquo;ont appris l&rsquo;importance de faire passer un message aux personnes et leur faire ressentir des \u00e9motions \u00e0 travers mes images.<br \/>Je r\u00e9alise des clips promotionnels de produits, d&rsquo;entreprises, dans le domaine du sport et du coaching.<br \/>La vid\u00e9o est un m\u00e9dia qui offre beaucoup de possibilit\u00e9s dans le domaine du marketing, c&rsquo;est un outil essentiel pour toute campagne promotionnelle sur les site internet et les r\u00e9seaux sociaux.<\/p>\n<p>Je couvre \u00e9galement les \u00e9v\u00e9nements priv\u00e9s tels que les mariages et les bapt\u00eames.<\/p>\n<p><a href=\"https:\/\/www.linkedin.com\/in\/luca-gianelli-684b316b\/\" target=\"_blank\" rel=\"noopener\">Linkedin<\/a><\/p>\n<p>[\/vc_column_text][\/vc_column][\/vc_row][vc_row][vc_column][vc_btn title=\u00a0\u00bbNous Contacter\u00a0\u00bb align=\u00a0\u00bbright\u00a0\u00bb link=\u00a0\u00bburl:https%3A%2F%2Fwww.studio-gianelli.ch%2Findex.php%2Fcontact%2F|title:Nous%20contacter||\u00a0\u00bb][\/vc_column][\/vc_row]<\/p>\n","protected":false},"excerpt":{"rendered":"<p>[vc_row][vc_column][vc_column_text] Faites vous conseiller par un de nos photographes professionnels. Que ce soit pour une s\u00e9ance photo ou lors de votre location de studio, ils seront vous orienter dans vos choix. N&rsquo;attendez pas et jetez un coup d&rsquo;\u0153il aux r\u00e9alisations de nos photographes sur notre page portfolio. \u00a0 [\/vc_column_text][\/vc_column][\/vc_row][vc_row][vc_column width=\u00a0\u00bb1\/3&Prime;][vc_single_image image=\u00a0\u00bb2294&Prime; img_size=\u00a0\u00bb300&#215;500&Prime; alignment=\u00a0\u00bbcenter\u00a0\u00bb style=\u00a0\u00bbvc_box_shadow_3d\u00a0\u00bb css_animation=\u00a0\u00bbtop-to-bottom\u00a0\u00bb][vc_column_text [&hellip;]<\/p>\n","protected":false},"author":1,"featured_media":0,"parent":0,"menu_order":0,"comment_status":"closed","ping_status":"closed","template":"","meta":[],"_links":{"self":[{"href":"https:\/\/www.studio-gianelli.ch\/index.php\/wp-json\/wp\/v2\/pages\/304"}],"collection":[{"href":"https:\/\/www.studio-gianelli.ch\/index.php\/wp-json\/wp\/v2\/pages"}],"about":[{"href":"https:\/\/www.studio-gianelli.ch\/index.php\/wp-json\/wp\/v2\/types\/page"}],"author":[{"embeddable":true,"href":"https:\/\/www.studio-gianelli.ch\/index.php\/wp-json\/wp\/v2\/users\/1"}],"replies":[{"embeddable":true,"href":"https:\/\/www.studio-gianelli.ch\/index.php\/wp-json\/wp\/v2\/comments?post=304"}],"version-history":[{"count":56,"href":"https:\/\/www.studio-gianelli.ch\/index.php\/wp-json\/wp\/v2\/pages\/304\/revisions"}],"predecessor-version":[{"id":3066,"href":"https:\/\/www.studio-gianelli.ch\/index.php\/wp-json\/wp\/v2\/pages\/304\/revisions\/3066"}],"wp:attachment":[{"href":"https:\/\/www.studio-gianelli.ch\/index.php\/wp-json\/wp\/v2\/media?parent=304"}],"curies":[{"name":"wp","href":"https:\/\/api.w.org\/{rel}","templated":true}]}}