{"id":2630,"date":"2021-01-04T18:19:33","date_gmt":"2021-01-04T17:19:33","guid":{"rendered":"https:\/\/www.studio-gianelli.ch\/?page_id=2630"},"modified":"2022-11-03T21:15:01","modified_gmt":"2022-11-03T20:15:01","slug":"contact","status":"publish","type":"page","link":"https:\/\/www.studio-gianelli.ch\/index.php\/contact\/","title":{"rendered":"Nous contacter"},"content":{"rendered":"<h3>\nVous voulez faire une s\u00e9ance photo avec l&rsquo;un de nos photographes professionnels ? N&rsquo;attendez plus et contactez-nous directement via la formulaire ci-dessous.<br \/>\n<\/h3>\n<div class=\"wp-container-2 wp-block-columns\">\n<div class=\"wp-container-1 wp-block-column is-vertically-aligned-center\" style=\"flex-basis:100%\">\n<figure class=\"wp-block-image size-large\"><img loading=\"lazy\" width=\"1024\" height=\"683\" src=\"https:\/\/www.studio-gianelli.ch\/wp-content\/uploads\/2018\/05\/1Y1A9107-1-1024x683.jpg\" alt=\"S\u00e9ance photo en studio\" class=\"wp-image-1088\" srcset=\"https:\/\/www.studio-gianelli.ch\/wp-content\/uploads\/2018\/05\/1Y1A9107-1-1024x683.jpg 1024w, https:\/\/www.studio-gianelli.ch\/wp-content\/uploads\/2018\/05\/1Y1A9107-1-300x200.jpg 300w, https:\/\/www.studio-gianelli.ch\/wp-content\/uploads\/2018\/05\/1Y1A9107-1-768x512.jpg 768w, https:\/\/www.studio-gianelli.ch\/wp-content\/uploads\/2018\/05\/1Y1A9107-1-867x578.jpg 867w, https:\/\/www.studio-gianelli.ch\/wp-content\/uploads\/2018\/05\/1Y1A9107-1-1280x853.jpg 1280w\" sizes=\"(max-width: 1024px) 100vw, 1024px\" \/><figcaption>Trouvez <a href=\"https:\/\/www.studio-gianelli.ch\/index.php\/louer-notre-studio\/\" data-type=\"page\" data-id=\"2604\">ici<\/a> nos tarifs de location<\/figcaption><\/figure>\n<p>Vous pouvez \u00e9galement nous joindre par t\u00e9l\u00e9phone au 022 808 01 13 soit par email contact@studio-gianelli.ch<\/p>\n<\/div>\n<\/div>\n<div class=\"wp-container-5 wp-block-columns\">\n<div class=\"wp-container-3 wp-block-column\">\n<div class=\"wp-block-contact-form-7-contact-form-selector\">\n<div role=\"form\" class=\"wpcf7\" id=\"wpcf7-f2623-o1\" lang=\"fr-FR\" dir=\"ltr\">\n<div class=\"screen-reader-response\">\n<p role=\"status\" aria-live=\"polite\" aria-atomic=\"true\">\n<ul><\/ul>\n<\/div>\n<form action=\"\/index.php\/wp-json\/wp\/v2\/pages\/2630#wpcf7-f2623-o1\" method=\"post\" class=\"wpcf7-form init\" novalidate=\"novalidate\" data-status=\"init\">\n<div style=\"display: none;\">\n<input type=\"hidden\" name=\"_wpcf7\" value=\"2623\" \/><br \/>\n<input type=\"hidden\" name=\"_wpcf7_version\" value=\"5.3.2\" \/><br \/>\n<input type=\"hidden\" name=\"_wpcf7_locale\" value=\"fr_FR\" \/><br \/>\n<input type=\"hidden\" name=\"_wpcf7_unit_tag\" value=\"wpcf7-f2623-o1\" \/><br \/>\n<input type=\"hidden\" name=\"_wpcf7_container_post\" value=\"0\" \/><br \/>\n<input type=\"hidden\" name=\"_wpcf7_posted_data_hash\" value=\"\" \/><br \/>\n<input type=\"hidden\" name=\"_wpcf7_recaptcha_response\" value=\"\" \/>\n<\/div>\n<p><label> Votre nom<br \/>\n    <span class=\"wpcf7-form-control-wrap your-name\"><input type=\"text\" name=\"your-name\" value=\"\" size=\"40\" class=\"wpcf7-form-control wpcf7-text wpcf7-validates-as-required\" aria-required=\"true\" aria-invalid=\"false\" \/><\/span> <\/label><\/p>\n<p><label> Votre adresse de messagerie<br \/>\n    <span class=\"wpcf7-form-control-wrap your-email\"><input type=\"email\" name=\"your-email\" value=\"\" size=\"40\" class=\"wpcf7-form-control wpcf7-text wpcf7-email wpcf7-validates-as-required wpcf7-validates-as-email\" aria-required=\"true\" aria-invalid=\"false\" \/><\/span> <\/label><\/p>\n<p><label> Objet<br \/>\n    <span class=\"wpcf7-form-control-wrap your-subject\"><input type=\"text\" name=\"your-subject\" value=\"\" size=\"40\" class=\"wpcf7-form-control wpcf7-text wpcf7-validates-as-required\" aria-required=\"true\" aria-invalid=\"false\" \/><\/span> <\/label><\/p>\n<p><label> Votre message (facultatif)<br \/>\n    <span class=\"wpcf7-form-control-wrap your-message\"><textarea name=\"your-message\" cols=\"40\" rows=\"10\" class=\"wpcf7-form-control wpcf7-textarea\" aria-invalid=\"false\"><\/textarea><\/span> <\/label><\/p>\n<p><input type=\"submit\" value=\"Envoyer\" class=\"wpcf7-form-control wpcf7-submit\" \/><\/p>\n<div class=\"wpcf7-response-output\" aria-hidden=\"true\"><\/div>\n<\/form>\n<\/div>\n<\/div>\n<\/div>\n<div class=\"wp-container-4 wp-block-column\">\n<iframe loading=\"lazy\" src=\"https:\/\/www.google.com\/maps\/embed?pb=!1m18!1m12!1m3!1d410.4925744551726!2d6.1317967785939!3d46.20142538034787!2m3!1f0!2f0!3f0!3m2!1i1024!2i768!4f13.1!3m3!1m2!1s0x0%3A0xeb7821c22604ab0d!2sStudio%20Gianelli!5e0!3m2!1sfr!2sch!4v1609781081038!5m2!1sfr!2sch\" width=\"600\" height=\"450\" frameborder=\"0\" style=\"border:0;\" allowfullscreen=\"\" aria-hidden=\"false\" tabindex=\"0\"><\/iframe>\n<\/div>\n<\/div>\n<div style=\"height:30px\" aria-hidden=\"true\" class=\"wp-block-spacer\"><\/div>\n","protected":false},"excerpt":{"rendered":"<p>Vous voulez faire une s\u00e9ance photo avec l&rsquo;un de nos photographes professionnels ? N&rsquo;attendez plus et contactez-nous directement via la formulaire ci-dessous.<\/p>\n","protected":false},"author":2,"featured_media":0,"parent":0,"menu_order":0,"comment_status":"closed","ping_status":"closed","template":"","meta":[],"_links":{"self":[{"href":"https:\/\/www.studio-gianelli.ch\/index.php\/wp-json\/wp\/v2\/pages\/2630"}],"collection":[{"href":"https:\/\/www.studio-gianelli.ch\/index.php\/wp-json\/wp\/v2\/pages"}],"about":[{"href":"https:\/\/www.studio-gianelli.ch\/index.php\/wp-json\/wp\/v2\/types\/page"}],"author":[{"embeddable":true,"href":"https:\/\/www.studio-gianelli.ch\/index.php\/wp-json\/wp\/v2\/users\/2"}],"replies":[{"embeddable":true,"href":"https:\/\/www.studio-gianelli.ch\/index.php\/wp-json\/wp\/v2\/comments?post=2630"}],"version-history":[{"count":22,"href":"https:\/\/www.studio-gianelli.ch\/index.php\/wp-json\/wp\/v2\/pages\/2630\/revisions"}],"predecessor-version":[{"id":3027,"href":"https:\/\/www.studio-gianelli.ch\/index.php\/wp-json\/wp\/v2\/pages\/2630\/revisions\/3027"}],"wp:attachment":[{"href":"https:\/\/www.studio-gianelli.ch\/index.php\/wp-json\/wp\/v2\/media?parent=2630"}],"curies":[{"name":"wp","href":"https:\/\/api.w.org\/{rel}","templated":true}]}}