{"id":2604,"date":"2021-01-04T17:15:16","date_gmt":"2021-01-04T16:15:16","guid":{"rendered":"https:\/\/www.studio-gianelli.ch\/?page_id=2604"},"modified":"2026-03-19T21:49:34","modified_gmt":"2026-03-19T20:49:34","slug":"louer-notre-studio","status":"publish","type":"page","link":"https:\/\/www.studio-gianelli.ch\/index.php\/louer-notre-studio\/","title":{"rendered":"Louer notre studio"},"content":{"rendered":"<p>La location de studio photo peut se faire pour 2h ou une demi-journ\u00e9e ou d&rsquo;une journ\u00e9e.<\/p>\n<p>Lors de votre location nous vous mettons \u00e0 disposition l\u2019int\u00e9gralit\u00e9 de notre mat\u00e9riel professionnel.<\/p>\n<p>La r\u00e9servation du studio se fait par notre formulaire de contact <a href=\"https:\/\/www.studio-gianelli.ch\/index.php\/contact\/\" data-type=\"page\" data-id=\"2630\">ici<\/a>.<\/p>\n<div style=\"height:40px\" aria-hidden=\"true\" class=\"wp-block-spacer\"><\/div>\n<div class=\"wp-block-media-text alignwide is-stacked-on-mobile\">\n<figure class=\"wp-block-media-text__media\"><img loading=\"lazy\" width=\"1024\" height=\"701\" src=\"https:\/\/www.studio-gianelli.ch\/wp-content\/uploads\/2021\/01\/2D2A2960-1024x701.jpg\" alt=\"\" class=\"wp-image-2719 size-full\" srcset=\"https:\/\/www.studio-gianelli.ch\/wp-content\/uploads\/2021\/01\/2D2A2960-1024x701.jpg 1024w, https:\/\/www.studio-gianelli.ch\/wp-content\/uploads\/2021\/01\/2D2A2960-300x206.jpg 300w, https:\/\/www.studio-gianelli.ch\/wp-content\/uploads\/2021\/01\/2D2A2960-768x526.jpg 768w, https:\/\/www.studio-gianelli.ch\/wp-content\/uploads\/2021\/01\/2D2A2960-1536x1052.jpg 1536w, https:\/\/www.studio-gianelli.ch\/wp-content\/uploads\/2021\/01\/2D2A2960-2048x1403.jpg 2048w\" sizes=\"(max-width: 1024px) 100vw, 1024px\" \/><\/figure>\n<div class=\"wp-block-media-text__content\">\n<h1>140.- (CHF)<\/h1>\n<p><strong>Location 2h.<\/strong><\/p>\n<p>Valable de: 08:30-17:30<\/p>\n<p>Avec mat\u00e9riels<\/p>\n<\/div>\n<\/div>\n<div style=\"height:40px\" aria-hidden=\"true\" class=\"wp-block-spacer\"><\/div>\n<div class=\"wp-block-media-text alignwide is-stacked-on-mobile\">\n<figure class=\"wp-block-media-text__media\"><img loading=\"lazy\" width=\"1024\" height=\"720\" src=\"https:\/\/www.studio-gianelli.ch\/wp-content\/uploads\/2021\/01\/2D2A2955-1024x720.jpg\" alt=\"\" class=\"wp-image-2718 size-full\" srcset=\"https:\/\/www.studio-gianelli.ch\/wp-content\/uploads\/2021\/01\/2D2A2955-1024x720.jpg 1024w, https:\/\/www.studio-gianelli.ch\/wp-content\/uploads\/2021\/01\/2D2A2955-300x211.jpg 300w, https:\/\/www.studio-gianelli.ch\/wp-content\/uploads\/2021\/01\/2D2A2955-768x540.jpg 768w, https:\/\/www.studio-gianelli.ch\/wp-content\/uploads\/2021\/01\/2D2A2955-1536x1080.jpg 1536w, https:\/\/www.studio-gianelli.ch\/wp-content\/uploads\/2021\/01\/2D2A2955-2048x1440.jpg 2048w\" sizes=\"(max-width: 1024px) 100vw, 1024px\" \/><\/figure>\n<div class=\"wp-block-media-text__content\">\n<h1>230.- (CHF)<\/h1>\n<p><strong>Location demi-journ\u00e9e.<\/strong><\/p>\n<p>Valable de:<\/p>\n<p>08:30-12:30 soit 12:30-16:30<\/p>\n<p>Avec mat\u00e9riels<\/p>\n<\/div>\n<\/div>\n<div style=\"height:40px\" aria-hidden=\"true\" class=\"wp-block-spacer\"><\/div>\n<div style=\"height:21px\" aria-hidden=\"true\" class=\"wp-block-spacer\"><\/div>\n<div class=\"wp-block-media-text alignwide is-stacked-on-mobile\">\n<figure class=\"wp-block-media-text__media\"><img loading=\"lazy\" width=\"1024\" height=\"864\" src=\"https:\/\/www.studio-gianelli.ch\/wp-content\/uploads\/2021\/01\/2D2A2951-1024x864.jpg\" alt=\"Location de studio photo\" class=\"wp-image-2717 size-full\" srcset=\"https:\/\/www.studio-gianelli.ch\/wp-content\/uploads\/2021\/01\/2D2A2951-1024x864.jpg 1024w, https:\/\/www.studio-gianelli.ch\/wp-content\/uploads\/2021\/01\/2D2A2951-300x253.jpg 300w, https:\/\/www.studio-gianelli.ch\/wp-content\/uploads\/2021\/01\/2D2A2951-768x648.jpg 768w, https:\/\/www.studio-gianelli.ch\/wp-content\/uploads\/2021\/01\/2D2A2951-1536x1296.jpg 1536w, https:\/\/www.studio-gianelli.ch\/wp-content\/uploads\/2021\/01\/2D2A2951-2048x1728.jpg 2048w, https:\/\/www.studio-gianelli.ch\/wp-content\/uploads\/2021\/01\/2D2A2951-295x250.jpg 295w\" sizes=\"(max-width: 1024px) 100vw, 1024px\" \/><\/figure>\n<div class=\"wp-block-media-text__content\">\n<h1>360.- (CHF)<\/h1>\n<p><strong>Location&nbsp;\u00e0 la journ\u00e9e.<\/strong><\/p>\n<p>Valable de: 08:30 \u00e0 17:30<\/p>\n<p>Avec mat\u00e9riels<\/p>\n<\/div>\n<\/div>\n<h2>Marques utilis\u00e9es:<\/h2>\n<ul>\n<li><a href=\"https:\/\/www.elinchrom.com\/\" data-type=\"URL\" data-id=\"https:\/\/www.elinchrom.com\/\" target=\"_blank\" rel=\"noopener\">Elinchrome<\/a><\/li>\n<li><a href=\"https:\/\/profoto.com\/\" data-type=\"URL\" data-id=\"https:\/\/profoto.com\/\" target=\"_blank\" rel=\"noopener\">Profoto<\/a><\/li>\n<\/ul>\n","protected":false},"excerpt":{"rendered":"<p>La location de studio photo peut se faire pour 2h ou une demi-journ\u00e9e ou d&rsquo;une journ\u00e9e. Lors de votre location nous vous mettons \u00e0 disposition l\u2019int\u00e9gralit\u00e9 de notre mat\u00e9riel professionnel. La r\u00e9servation du studio se fait par notre formulaire de contact ici. 140.- (CHF) Location 2h. Valable de: 08:30-17:30 Avec mat\u00e9riels 230.- (CHF) Location demi-journ\u00e9e. [&hellip;]<\/p>\n","protected":false},"author":2,"featured_media":2717,"parent":0,"menu_order":0,"comment_status":"closed","ping_status":"closed","template":"","meta":[],"_links":{"self":[{"href":"https:\/\/www.studio-gianelli.ch\/index.php\/wp-json\/wp\/v2\/pages\/2604"}],"collection":[{"href":"https:\/\/www.studio-gianelli.ch\/index.php\/wp-json\/wp\/v2\/pages"}],"about":[{"href":"https:\/\/www.studio-gianelli.ch\/index.php\/wp-json\/wp\/v2\/types\/page"}],"author":[{"embeddable":true,"href":"https:\/\/www.studio-gianelli.ch\/index.php\/wp-json\/wp\/v2\/users\/2"}],"replies":[{"embeddable":true,"href":"https:\/\/www.studio-gianelli.ch\/index.php\/wp-json\/wp\/v2\/comments?post=2604"}],"version-history":[{"count":15,"href":"https:\/\/www.studio-gianelli.ch\/index.php\/wp-json\/wp\/v2\/pages\/2604\/revisions"}],"predecessor-version":[{"id":3315,"href":"https:\/\/www.studio-gianelli.ch\/index.php\/wp-json\/wp\/v2\/pages\/2604\/revisions\/3315"}],"wp:featuredmedia":[{"embeddable":true,"href":"https:\/\/www.studio-gianelli.ch\/index.php\/wp-json\/wp\/v2\/media\/2717"}],"wp:attachment":[{"href":"https:\/\/www.studio-gianelli.ch\/index.php\/wp-json\/wp\/v2\/media?parent=2604"}],"curies":[{"name":"wp","href":"https:\/\/api.w.org\/{rel}","templated":true}]}}