{"id":2572,"date":"2021-01-04T15:50:41","date_gmt":"2021-01-04T14:50:41","guid":{"rendered":"https:\/\/www.studio-gianelli.ch\/?page_id=2572"},"modified":"2023-09-06T23:51:04","modified_gmt":"2023-09-06T22:51:04","slug":"portfolio","status":"publish","type":"page","link":"https:\/\/www.studio-gianelli.ch\/index.php\/portfolio\/","title":{"rendered":"Portfolio"},"content":{"rendered":"<div class=\"wp-block-cover is-light is-repeated\" style=\"background-image:url(https:\/\/www.studio-gianelli.ch\/wp-content\/uploads\/2023\/09\/grossesse_flow-1.jpg)\"><span aria-hidden=\"true\" class=\"wp-block-cover__background has-background-dim\"><\/span><\/p>\n<div class=\"wp-block-cover__inner-container\">\n<p class=\"has-text-align-center has-large-font-size\"><a href=\"\/index.php\/grossesse\/\"><span class=\"has-inline-color has-white-color\">S\u00e9ance Grossesse<\/span><\/a><\/p>\n<\/div>\n<\/div>\n<hr class=\"wp-block-separator has-css-opacity\"\/>\n<div class=\"wp-block-cover is-light is-repeated\" style=\"background-image:url(https:\/\/www.studio-gianelli.ch\/wp-content\/uploads\/2020\/04\/2D2A9401-Modifier-scaled.jpg);min-height:430px\"><span aria-hidden=\"true\" class=\"wp-block-cover__background has-background-dim\"><\/span><\/p>\n<div class=\"wp-block-cover__inner-container\">\n<p class=\"has-text-align-center has-white-color has-text-color has-large-font-size\"><a href=\"\/index.php\/newborn\/\" data-type=\"URL\" data-id=\"\/index.php\/newborn\/\" target=\"_blank\" rel=\"noreferrer noopener\">S\u00e9ance Nouveau-n\u00e9<\/a><\/p>\n<\/div>\n<\/div>\n<hr class=\"wp-block-separator has-css-opacity\"\/>\n<div class=\"wp-block-cover is-light is-repeated\" style=\"background-image:url(https:\/\/www.studio-gianelli.ch\/wp-content\/uploads\/2020\/04\/2D2A3028-Modifier-scaled.jpg)\"><span aria-hidden=\"true\" class=\"wp-block-cover__background has-background-dim\"><\/span><\/p>\n<div class=\"wp-block-cover__inner-container\">\n<p class=\"has-text-align-center has-large-font-size\"><a href=\"\/index.php\/enfant\/\"><span class=\"has-inline-color has-white-color\">S\u00e9ance b\u00e9b\u00e9\/enfant<\/span><\/a><\/p>\n<\/div>\n<\/div>\n<hr class=\"wp-block-separator has-css-opacity\"\/>\n<div class=\"wp-block-cover is-light is-repeated\" style=\"background-image:url(https:\/\/www.studio-gianelli.ch\/wp-content\/uploads\/2023\/09\/smashflow.jpg)\"><span aria-hidden=\"true\" class=\"wp-block-cover__background has-background-dim\"><\/span><\/p>\n<div class=\"wp-block-cover__inner-container\">\n<p class=\"has-text-align-center has-large-font-size\"><a href=\"\/index.php\/smashthecake\/\"><span class=\"has-inline-color has-white-color\">S\u00e9ance \u00ab\u00a0Smash the Cake\u00a0\u00bb<\/span><\/a><\/p>\n<\/div>\n<\/div>\n<hr class=\"wp-block-separator has-css-opacity\"\/>\n<div class=\"wp-block-cover is-light is-repeated\" style=\"background-image:url(https:\/\/www.studio-gianelli.ch\/wp-content\/uploads\/2020\/04\/famille.jpeg)\"><span aria-hidden=\"true\" class=\"wp-block-cover__background has-background-dim\"><\/span><\/p>\n<div class=\"wp-block-cover__inner-container\">\n<p class=\"has-text-align-center has-large-font-size\"><a href=\"\/index.php\/famille\/\"><span class=\"has-inline-color has-white-color\">S\u00e9ance Famille<\/span><\/a><\/p>\n<\/div>\n<\/div>\n<hr class=\"wp-block-separator has-css-opacity\"\/>\n<div class=\"wp-block-cover is-light is-repeated\" style=\"background-image:url(https:\/\/www.studio-gianelli.ch\/wp-content\/uploads\/2023\/09\/mariageflow.jpg);min-height:430px\"><span aria-hidden=\"true\" class=\"wp-block-cover__background has-background-dim\"><\/span><\/p>\n<div class=\"wp-block-cover__inner-container\">\n<p class=\"has-text-align-center has-large-font-size\"><a href=\"\/index.php\/mariage\/\"><span class=\"has-inline-color has-white-color\">Mariage<\/span><\/a><\/p>\n<\/div>\n<\/div>\n<hr class=\"wp-block-separator has-alpha-channel-opacity\"\/>\n<div class=\"wp-block-cover is-light is-repeated\" style=\"background-image:url(https:\/\/www.studio-gianelli.ch\/wp-content\/uploads\/2023\/09\/testsitenoel.jpg)\"><span aria-hidden=\"true\" class=\"wp-block-cover__background has-background-dim\"><\/span><\/p>\n<div class=\"wp-block-cover__inner-container\">\n<p class=\"has-text-align-center has-white-color has-text-color has-large-font-size\"><a href=\"https:\/\/www.studio-gianelli.ch\/index.php\/noel-2\/\" target=\"_blank\" data-type=\"page\" data-id=\"3111\" rel=\"noreferrer noopener\">S\u00e9ance de No\u00ebl<\/a><\/p>\n<\/div>\n<\/div>\n","protected":false},"excerpt":{"rendered":"S\u00e9ance Grossesse S\u00e9ance Nouveau-n\u00e9 S\u00e9ance b\u00e9b\u00e9\/enfant S\u00e9ance \"Smash the Cake\" S\u00e9ance Famille Mariage S\u00e9ance de No\u00ebl","protected":false},"author":2,"featured_media":0,"parent":0,"menu_order":0,"comment_status":"closed","ping_status":"closed","template":"","meta":[],"_links":{"self":[{"href":"https:\/\/www.studio-gianelli.ch\/index.php\/wp-json\/wp\/v2\/pages\/2572"}],"collection":[{"href":"https:\/\/www.studio-gianelli.ch\/index.php\/wp-json\/wp\/v2\/pages"}],"about":[{"href":"https:\/\/www.studio-gianelli.ch\/index.php\/wp-json\/wp\/v2\/types\/page"}],"author":[{"embeddable":true,"href":"https:\/\/www.studio-gianelli.ch\/index.php\/wp-json\/wp\/v2\/users\/2"}],"replies":[{"embeddable":true,"href":"https:\/\/www.studio-gianelli.ch\/index.php\/wp-json\/wp\/v2\/comments?post=2572"}],"version-history":[{"count":41,"href":"https:\/\/www.studio-gianelli.ch\/index.php\/wp-json\/wp\/v2\/pages\/2572\/revisions"}],"predecessor-version":[{"id":3157,"href":"https:\/\/www.studio-gianelli.ch\/index.php\/wp-json\/wp\/v2\/pages\/2572\/revisions\/3157"}],"wp:attachment":[{"href":"https:\/\/www.studio-gianelli.ch\/index.php\/wp-json\/wp\/v2\/media?parent=2572"}],"curies":[{"name":"wp","href":"https:\/\/api.w.org\/{rel}","templated":true}]}}